{"id":1501,"date":"2024-09-26T15:30:00","date_gmt":"2024-09-26T13:30:00","guid":{"rendered":"https:\/\/ibartes.org\/?page_id=1501"},"modified":"2026-03-03T15:07:01","modified_gmt":"2026-03-03T14:07:01","slug":"propiedad-intelectual-copyright","status":"publish","type":"page","link":"https:\/\/ibartes.org\/index.php\/propiedad-intelectual-copyright\/","title":{"rendered":"PROPIEDAD INTELECTUAL (COPYRIGHT)"},"content":{"rendered":"<h2><span style=\"font-weight: 400;\">PROPIEDAD INTELECTUAL (COPYRIGHT):<\/span><\/h2>\n<p><span style=\"font-weight: 400;\">La Fundaci\u00f3n IBARTES es propietaria de toda la informaci\u00f3n contenida en este portal, as\u00ed como de los elementos contenidos en ella: im\u00e1genes, bases de datos, marcas, logotipos y textos, estando protegidos conforme a lo dispuesto en la ley 18 de 1913 de Propiedad Intelectual y en la Ley de marcas No. 1455 del 2011.<\/span><\/p>\n<p><span style=\"font-weight: 400;\">Seg\u00fan lo dispuesto en la Ley de Propiedad Intelectual, quedan rigurosamente prohibidas, sin la autorizaci\u00f3n escrita de los titulares del copyright, la reproducci\u00f3n, la distribuci\u00f3n y la comunicaci\u00f3n p\u00fablica, incluida su modalidad de puesta a disposici\u00f3n, de la totalidad o parte de los contenidos de este portal web con fines comerciales, en cualquier soporte y por cualquier medio t\u00e9cnico, sin autorizaci\u00f3n expresa de la Fundaci\u00f3n IBARTES.<\/span><\/p>\n","protected":false},"excerpt":{"rendered":"<p>PROPIEDAD INTELECTUAL (COPYRIGHT): La Fundaci\u00f3n IBARTES es propietaria de toda la informaci\u00f3n contenida en este portal, as\u00ed como de los elementos contenidos en ella: im\u00e1genes, bases de datos, marcas, logotipos y textos, estando protegidos conforme a lo dispuesto en la ley 18 de 1913 de Propiedad Intelectual y en la Ley de marcas No. 1455 [&#8230;]<\/p>\n","protected":false},"author":1,"featured_media":0,"parent":0,"menu_order":0,"comment_status":"closed","ping_status":"open","template":"","meta":{"footnotes":""},"class_list":["post-1501","page","type-page","status-publish","hentry"],"_links":{"self":[{"href":"https:\/\/ibartes.org\/index.php\/wp-json\/wp\/v2\/pages\/1501","targetHints":{"allow":["GET"]}}],"collection":[{"href":"https:\/\/ibartes.org\/index.php\/wp-json\/wp\/v2\/pages"}],"about":[{"href":"https:\/\/ibartes.org\/index.php\/wp-json\/wp\/v2\/types\/page"}],"author":[{"embeddable":true,"href":"https:\/\/ibartes.org\/index.php\/wp-json\/wp\/v2\/users\/1"}],"replies":[{"embeddable":true,"href":"https:\/\/ibartes.org\/index.php\/wp-json\/wp\/v2\/comments?post=1501"}],"version-history":[{"count":1,"href":"https:\/\/ibartes.org\/index.php\/wp-json\/wp\/v2\/pages\/1501\/revisions"}],"predecessor-version":[{"id":6563,"href":"https:\/\/ibartes.org\/index.php\/wp-json\/wp\/v2\/pages\/1501\/revisions\/6563"}],"wp:attachment":[{"href":"https:\/\/ibartes.org\/index.php\/wp-json\/wp\/v2\/media?parent=1501"}],"curies":[{"name":"wp","href":"https:\/\/api.w.org\/{rel}","templated":true}]}}